{"id":2038,"date":"2020-04-28T16:55:15","date_gmt":"2020-04-28T14:55:15","guid":{"rendered":"https:\/\/www.dolceresio.ch\/voucher\/"},"modified":"2020-05-05T10:36:02","modified_gmt":"2020-05-05T08:36:02","slug":"geschenkgutschein","status":"publish","type":"page","link":"https:\/\/www.dolceresio.ch\/de\/geschenkgutschein\/","title":{"rendered":"Geschenkgutschein"},"content":{"rendered":"\n<p>Mit dem folgenden Formular k\u00f6nnen Sie digitale Geschenkgutscheine f\u00fcr sich selbst oder f\u00fcr jemand anderen bestellen.<\/p>\n\n\n\n<p>Um Ihren Geschenkgutschein zu erhalten, leisten Sie bitte eine Vorauszahlung mit dem von Ihnen angeforderten Betrag auf unser Postkonto:<\/p>\n\n\n\n<p><strong>Konto:<\/strong> 15-381243-6<br><strong>IBAN:<\/strong> CH77 0900 0000 1538 1243 6<br><strong>Empf\u00e4nger:<\/strong> Polli Ariane Dorit, Dolceresio B&amp;B, Brusino Arsizio<\/p>\n\n\n\n<div class=\"wp-block-getwid-advanced-spacer\" style=\"height:50px\" aria-hidden=\"true\"><\/div>\n\n\n\n<div class=\"wp-block-getwid-advanced-heading\"><h2 class=\"wp-block-getwid-advanced-heading__content\">Geschenkgutschein<\/h2><\/div>\n\n\n\n<div class=\"forminator-guttenberg\"><div class=\"forminator-ui forminator-custom-form forminator-custom-form-2540 forminator-design--default  forminator_ajax\" data-forminator-render=\"0\" data-form=\"forminator-module-2540\" data-uid=\"69fafd15d6742\"><br\/><\/div><form\r\n\t\t\t\tid=\"forminator-module-2540\"\r\n\t\t\t\tclass=\"forminator-ui forminator-custom-form forminator-custom-form-2540 forminator-design--default  forminator_ajax\"\r\n\t\t\t\tmethod=\"post\"\r\n\t\t\t\tdata-forminator-render=\"0\"\r\n\t\t\t\tdata-form-id=\"2540\"\r\n\t\t\t\t data-color-option=\"default\" data-design=\"default\" data-grid=\"open\" style=\"display: none;\"\r\n\t\t\t\tdata-uid=\"69fafd15d6742\"\r\n\t\t\t><div role=\"alert\" aria-live=\"polite\" class=\"forminator-response-message forminator-error\" aria-hidden=\"true\"><\/div><div class=\"forminator-row\"><div id=\"currency-1\" class=\"forminator-field-currency forminator-col forminator-col-12 \"><div class=\"forminator-field\"><label for=\"forminator-field-currency-1_69fafd15d6742\" id=\"forminator-field-currency-1_69fafd15d6742-label\" class=\"forminator-label\">Gew\u00fcnschter Betrag <span class=\"forminator-required\">*<\/span><\/label><div class=\"forminator-input-with-suffix\"><input name=\"currency-1\" value=\"\" placeholder=\"Z. Bsp. 100\" id=\"forminator-field-currency-1_69fafd15d6742\" class=\"forminator-input forminator-currency\" data-required=\"1\" aria-required=\"1\" data-decimals=\"0\" data-inputmask=\"&#039;groupSeparator&#039;: &#039;&#039;, &#039;radixPoint&#039;: &#039;&#039;, &#039;digits&#039;: &#039;0&#039;\" type=\"number\" step=\"any\" aria-describedby=\"forminator-field-currency-1_69fafd15d6742-description\" \/><span class=\"forminator-suffix\">CHF<\/span><\/div><span id=\"forminator-field-currency-1_69fafd15d6742-description\" class=\"forminator-description\">Betrag zwischen CHF 50.- und CHF 1'000.-<\/span><\/div><\/div><\/div><div class=\"forminator-row\"><div id=\"radio-1\" class=\"forminator-field-radio forminator-col forminator-col-12 \"><div role=\"radiogroup\" class=\"forminator-field\" aria-labelledby=\"forminator-radiogroup-radio-1-69fafd15d6742-label\"><span id=\"forminator-radiogroup-radio-1-69fafd15d6742-label\" class=\"forminator-label\">Empf\u00e4nger des Gutscheins <span class=\"forminator-required\">*<\/span><\/span><label id=\"forminator-field-radio-1-label-1\" for=\"forminator-field-radio-1-1-69fafd15d6742\" class=\"forminator-radio forminator-radio-inline\" title=\"Jemand anders\"><input type=\"radio\" name=\"radio-1\" value=\"jemand-anders\" id=\"forminator-field-radio-1-1-69fafd15d6742\" aria-labelledby=\"forminator-field-radio-1-label-1\" data-calculation=\"0\" checked=\"checked\" \/><span class=\"forminator-radio-bullet\" aria-hidden=\"true\"><\/span><span class=\"forminator-radio-label\">Jemand anders<\/span><\/label><label id=\"forminator-field-radio-1-label-2\" for=\"forminator-field-radio-1-2-69fafd15d6742\" class=\"forminator-radio forminator-radio-inline\" title=\"Du selbst\"><input type=\"radio\" name=\"radio-1\" value=\"du-selbst\" id=\"forminator-field-radio-1-2-69fafd15d6742\" aria-labelledby=\"forminator-field-radio-1-label-2\" data-calculation=\"0\"  \/><span class=\"forminator-radio-bullet\" aria-hidden=\"true\"><\/span><span class=\"forminator-radio-label\">Du selbst<\/span><\/label><\/div><\/div><\/div><div class=\"forminator-row\"><div id=\"name-1\" class=\"forminator-field-name forminator-col forminator-col-12 \"><div class=\"forminator-field\"><label for=\"forminator-field-name-1_69fafd15d6742\" id=\"forminator-field-name-1_69fafd15d6742-label\" class=\"forminator-label\">Dein Name <span class=\"forminator-required\">*<\/span><\/label><input type=\"text\" name=\"name-1\" value=\"\" placeholder=\"Z. Bsp. Hans\" id=\"forminator-field-name-1_69fafd15d6742\" class=\"forminator-input forminator-name--field\" aria-required=\"true\" autocomplete=\"name\" \/><\/div><\/div><\/div><div class=\"forminator-row\"><div id=\"email-1\" class=\"forminator-field-email forminator-col forminator-col-12 \"><div class=\"forminator-field\"><label for=\"forminator-field-email-1_69fafd15d6742\" id=\"forminator-field-email-1_69fafd15d6742-label\" class=\"forminator-label\">Deine E-mail-Adresse <span class=\"forminator-required\">*<\/span><\/label><input type=\"email\" name=\"email-1\" value=\"\" placeholder=\"Z. Bsp. hans@beispiel.com\" id=\"forminator-field-email-1_69fafd15d6742\" class=\"forminator-input forminator-email--field\" data-required=\"true\" aria-required=\"true\" autocomplete=\"email\" \/><\/div><\/div><\/div><div class=\"forminator-row\"><div id=\"name-2\" class=\"forminator-field-name forminator-col forminator-col-12 \"><div class=\"forminator-field\"><label for=\"forminator-field-name-2_69fafd15d6742\" id=\"forminator-field-name-2_69fafd15d6742-label\" class=\"forminator-label\">Name des Empf\u00e4ngers <span class=\"forminator-required\">*<\/span><\/label><input type=\"text\" name=\"name-2\" value=\"\" placeholder=\"Z. Bsp. Emma\" id=\"forminator-field-name-2_69fafd15d6742\" class=\"forminator-input forminator-name--field\" aria-required=\"true\" autocomplete=\"name\" \/><\/div><\/div><\/div><div class=\"forminator-row\"><div id=\"email-2\" class=\"forminator-field-email forminator-col forminator-col-12 \"><div class=\"forminator-field\"><label for=\"forminator-field-email-2_69fafd15d6742\" id=\"forminator-field-email-2_69fafd15d6742-label\" class=\"forminator-label\">E-mail-Adresse des Empf\u00e4ngers <span class=\"forminator-required\">*<\/span><\/label><input type=\"email\" name=\"email-2\" value=\"\" placeholder=\"Z. Bsp. emma@beispiel.com\" id=\"forminator-field-email-2_69fafd15d6742\" class=\"forminator-input forminator-email--field\" data-required=\"true\" aria-required=\"true\" autocomplete=\"email\" \/><\/div><\/div><\/div><div class=\"forminator-row\"><div id=\"textarea-1\" class=\"forminator-field-textarea forminator-col forminator-col-12 \"><div class=\"forminator-field\"><label for=\"forminator-field-textarea-1_69fafd15d6742\" id=\"forminator-field-textarea-1_69fafd15d6742-label\" class=\"forminator-label\">Nachricht<\/label><textarea name=\"textarea-1\" placeholder=\"Die mit dem Gutschein zu versendende Nachricht einf\u00fcgen\" id=\"forminator-field-textarea-1_69fafd15d6742\" class=\"forminator-textarea\" rows=\"6\" style=\"min-height:140px;\" maxlength=\"500\" ><\/textarea><span id=\"forminator-field-textarea-1_69fafd15d6742-description\" class=\"forminator-description\"><span data-limit=\"500\" data-type=\"characters\" data-editor=\"\">0 \/ 500<\/span><\/span><\/div><\/div><\/div><input type=\"hidden\" name=\"referer_url\" value=\"\" \/><div class=\"forminator-row forminator-row-last\"><div class=\"forminator-col\"><div class=\"forminator-field\"><button class=\"forminator-button forminator-button-submit\">Senden<\/button><\/div><\/div><\/div><input type=\"hidden\" id=\"forminator_nonce\" name=\"forminator_nonce\" value=\"e897072ded\" \/><input type=\"hidden\" name=\"_wp_http_referer\" value=\"\/de\/wp-json\/wp\/v2\/pages\/2038\" \/><input type=\"hidden\" name=\"form_id\" value=\"2540\"><input type=\"hidden\" name=\"page_id\" value=\"2038\"><input type=\"hidden\" name=\"form_type\" value=\"default\"><input type=\"hidden\" name=\"current_url\" value=\"https:\/\/www.dolceresio.ch\/de\/geschenkgutschein\/\"><input type=\"hidden\" name=\"render_id\" value=\"0\"><input type=\"hidden\" name=\"action\" value=\"forminator_submit_form_custom-forms\"><label for=\"input_8\" class=\"forminator-hidden\" aria-hidden=\"true\">Bitte f\u00fclle dieses Feld nicht aus. <input id=\"input_8\" type=\"text\" name=\"input_8\" value=\"\" autocomplete=\"off\"><\/label><\/form><\/div>\n","protected":false},"excerpt":{"rendered":"<p>Mit dem folgenden Formular k\u00f6nnen Sie digitale Geschenkgutscheine f\u00fcr sich selbst oder f\u00fcr jemand anderen bestellen. Um Ihren Geschenkgutschein zu erhalten, leisten Sie bitte eine Vorauszahlung mit dem von Ihnen angeforderten Betrag auf unser Postkonto: Konto: 15-381243-6IBAN: CH77 0900 0000 1538 1243 6Empf\u00e4nger: Polli Ariane Dorit, Dolceresio B&amp;B, Brusino Arsizio<\/p>\n","protected":false},"author":1,"featured_media":1778,"parent":0,"menu_order":0,"comment_status":"closed","ping_status":"closed","template":"","meta":{"inline_featured_image":false,"footnotes":""},"tags":[],"class_list":["post-2038","page","type-page","status-publish","has-post-thumbnail","hentry"],"_links":{"self":[{"href":"https:\/\/www.dolceresio.ch\/de\/wp-json\/wp\/v2\/pages\/2038","targetHints":{"allow":["GET"]}}],"collection":[{"href":"https:\/\/www.dolceresio.ch\/de\/wp-json\/wp\/v2\/pages"}],"about":[{"href":"https:\/\/www.dolceresio.ch\/de\/wp-json\/wp\/v2\/types\/page"}],"author":[{"embeddable":true,"href":"https:\/\/www.dolceresio.ch\/de\/wp-json\/wp\/v2\/users\/1"}],"replies":[{"embeddable":true,"href":"https:\/\/www.dolceresio.ch\/de\/wp-json\/wp\/v2\/comments?post=2038"}],"version-history":[{"count":4,"href":"https:\/\/www.dolceresio.ch\/de\/wp-json\/wp\/v2\/pages\/2038\/revisions"}],"predecessor-version":[{"id":2541,"href":"https:\/\/www.dolceresio.ch\/de\/wp-json\/wp\/v2\/pages\/2038\/revisions\/2541"}],"wp:featuredmedia":[{"embeddable":true,"href":"https:\/\/www.dolceresio.ch\/de\/wp-json\/wp\/v2\/media\/1778"}],"wp:attachment":[{"href":"https:\/\/www.dolceresio.ch\/de\/wp-json\/wp\/v2\/media?parent=2038"}],"wp:term":[{"taxonomy":"post_tag","embeddable":true,"href":"https:\/\/www.dolceresio.ch\/de\/wp-json\/wp\/v2\/tags?post=2038"}],"curies":[{"name":"wp","href":"https:\/\/api.w.org\/{rel}","templated":true}]}}