{"id":2047,"date":"2019-07-11T13:57:30","date_gmt":"2019-07-11T13:57:30","guid":{"rendered":"https:\/\/www.dolceresio.ch\/contatto\/"},"modified":"2024-03-21T20:29:06","modified_gmt":"2024-03-21T19:29:06","slug":"kontakt","status":"publish","type":"page","link":"https:\/\/www.dolceresio.ch\/de\/kontakt\/","title":{"rendered":"Kontakt"},"content":{"rendered":"\n<div class=\"wp-block-getwid-section alignfull alignfull\"><div class=\"wp-block-getwid-section__wrapper getwid-padding-top-none getwid-padding-bottom-none getwid-padding-left-medium getwid-padding-right-medium\"><div class=\"wp-block-getwid-section__inner-wrapper\"><div class=\"wp-block-getwid-section__background-holder\"><div class=\"wp-block-getwid-section__background\"><\/div><div class=\"wp-block-getwid-section__foreground\"><\/div><\/div><div class=\"wp-block-getwid-section__content\"><div class=\"wp-block-getwid-section__inner-content\">\n<div class=\"wp-block-columns is-layout-flex wp-container-core-columns-is-layout-9d6595d7 wp-block-columns-is-layout-flex\">\n<div class=\"wp-block-column is-layout-flow wp-block-column-is-layout-flow\">\n<div class=\"wp-block-getwid-advanced-heading is-style-style-1 has-custom-font-size\" style=\"font-size:12px;margin-bottom:0px\"><p class=\"wp-block-getwid-advanced-heading__content\" style=\"text-transform:uppercase;letter-spacing:0.1em\">LITTLE CHARMING BED&amp;BREAKFAST ON THE LAKE<\/p><\/div>\n\n\n\n<div class=\"wp-block-getwid-advanced-heading is-style-default\" style=\"margin-top:10px\"><h2 class=\"wp-block-getwid-advanced-heading__content\">B&amp;B Dolceresio<\/h2><\/div>\n<\/div>\n\n\n\n<div class=\"wp-block-column is-layout-flow wp-block-column-is-layout-flow\">\n<p>Willkommen!<\/p>\n<\/div>\n<\/div>\n<\/div><\/div><\/div><\/div><\/div>\n\n\n\n<div class=\"wp-block-getwid-section alignfull alignfull\"><div class=\"wp-block-getwid-section__wrapper getwid-padding-top-small getwid-padding-bottom-small\"><div class=\"wp-block-getwid-section__inner-wrapper\"><div class=\"wp-block-getwid-section__background-holder\"><div class=\"wp-block-getwid-section__background\"><\/div><div class=\"wp-block-getwid-section__foreground\"><\/div><\/div><div class=\"wp-block-getwid-section__content\"><div class=\"wp-block-getwid-section__inner-content\"><\/div><\/div><\/div><\/div><\/div>\n\n\n\n<div class=\"wp-block-getwid-section alignfull alignfull\"><div class=\"wp-block-getwid-section__wrapper getwid-padding-top-none getwid-padding-bottom-none getwid-padding-left-medium getwid-padding-right-medium getwid-padding-mobile-left-small getwid-padding-mobile-right-small\"><div class=\"wp-block-getwid-section__inner-wrapper\"><div class=\"wp-block-getwid-section__background-holder\"><div class=\"wp-block-getwid-section__background\"><\/div><div class=\"wp-block-getwid-section__foreground\"><\/div><\/div><div class=\"wp-block-getwid-section__content\"><div class=\"wp-block-getwid-section__inner-content\">\n<div class=\"wp-block-columns has-4-columns is-layout-flex wp-container-core-columns-is-layout-9d6595d7 wp-block-columns-is-layout-flex\">\n<div class=\"wp-block-column is-layout-flow wp-block-column-is-layout-flow\">\n<div class=\"wp-block-getwid-advanced-heading\" style=\"margin-bottom:20px\"><h5 class=\"wp-block-getwid-advanced-heading__content\">Adresse<\/h5><\/div>\n\n\n\n<div class=\"wp-block-getwid-icon-box has-icon-left has-text-left\"><div style=\"margin-top:7px;margin-right:15px\" class=\"wp-block-getwid-icon-box__icon-container is-position-top\"><div class=\"wp-block-getwid-icon-box__icon-wrapper has-text-color has-gold-color\" style=\"font-size:16px;padding:0px\"><i class=\"fas fa-map-marker-alt\"><\/i><\/div><\/div><div class=\"wp-block-getwid-icon-box__content\">\n<p><strong>Dolceresio B&amp;B<\/strong><br>Vila da Roncai\u00f6\u00f6 1<br>6827 Brusino Arsizio<\/p>\n\n\n\n<p><strong>GPS<\/strong>: 45.92781, 8.93742<\/p>\n<\/div><\/div>\n<\/div>\n\n\n\n<div class=\"wp-block-column is-layout-flow wp-block-column-is-layout-flow\">\n<div class=\"wp-block-getwid-advanced-heading\" style=\"margin-bottom:20px\"><h5 class=\"wp-block-getwid-advanced-heading__content\">Kontakt<\/h5><\/div>\n\n\n\n<div class=\"wp-block-getwid-icon-box has-icon-left has-text-left\"><div style=\"margin-top:7px;margin-right:15px\" class=\"wp-block-getwid-icon-box__icon-container is-position-top\"><div class=\"wp-block-getwid-icon-box__icon-wrapper has-text-color has-gold-color\" style=\"font-size:16px;padding:0px\"><i class=\"fas fa-phone\"><\/i><\/div><\/div><div class=\"wp-block-getwid-icon-box__content\">\n<p><a href=\"tel:0041796059593\" target=\"_blank\" rel=\"noreferrer noopener\" aria-label=\" +41 79 605 95 93 (apre in una nuova scheda)\"> +41 79 605 95 93<\/a><\/p>\n<\/div><\/div>\n\n\n\n<div class=\"wp-block-getwid-icon-box has-icon-left has-text-left\"><div style=\"margin-top:7px;margin-right:15px\" class=\"wp-block-getwid-icon-box__icon-container is-position-top\"><div class=\"wp-block-getwid-icon-box__icon-wrapper has-text-color has-gold-color\" style=\"font-size:16px;padding:0px\"><i class=\"fas fa-envelope\"><\/i><\/div><\/div><div class=\"wp-block-getwid-icon-box__content\">\n<p><a href=\"mailto:hello@dolceresio.ch\" target=\"_blank\" rel=\"noreferrer noopener\" aria-label=\"hello@dolceresio.ch (apre in una nuova scheda)\">hello@dolceresio.ch<\/a><\/p>\n<\/div><\/div>\n<\/div>\n\n\n\n<div class=\"wp-block-column is-layout-flow wp-block-column-is-layout-flow\">\n<div class=\"wp-block-getwid-advanced-heading\" style=\"margin-bottom:20px\"><h5 class=\"wp-block-getwid-advanced-heading__content\">\u00d6ffnungszeiten<\/h5><\/div>\n\n\n\n<div class=\"wp-block-getwid-icon-box has-icon-left has-text-left\"><div style=\"margin-top:7px;margin-right:15px\" class=\"wp-block-getwid-icon-box__icon-container is-position-top\"><div class=\"wp-block-getwid-icon-box__icon-wrapper has-text-color has-gold-color\" style=\"font-size:16px;padding:0px\"><i class=\"fas fa-clock\"><\/i><\/div><\/div><div class=\"wp-block-getwid-icon-box__content\">\n<p>T\u00e4glich: <br>08:00 &#8211; 12:00<\/p>\n<\/div><\/div>\n<\/div>\n<\/div>\n<\/div><\/div><\/div><\/div><\/div>\n\n\n\n<div class=\"wp-block-getwid-section alignfull alignfull\"><div class=\"wp-block-getwid-section__wrapper getwid-padding-top-normal getwid-padding-bottom-normal\"><div class=\"wp-block-getwid-section__inner-wrapper\"><div class=\"wp-block-getwid-section__background-holder\"><div class=\"wp-block-getwid-section__background\"><\/div><div class=\"wp-block-getwid-section__foreground\"><\/div><\/div><div class=\"wp-block-getwid-section__content\"><div class=\"wp-block-getwid-section__inner-content\">\n<hr class=\"wp-block-separator has-css-opacity is-style-wide\"\/>\n<\/div><\/div><\/div><\/div><\/div>\n\n\n\n<div class=\"wp-block-getwid-section alignfull alignfull\"><div class=\"wp-block-getwid-section__wrapper getwid-padding-top-none getwid-padding-bottom-normal getwid-padding-left-medium getwid-padding-right-medium\"><div class=\"wp-block-getwid-section__inner-wrapper\"><div class=\"wp-block-getwid-section__background-holder\"><div class=\"wp-block-getwid-section__background\"><\/div><div class=\"wp-block-getwid-section__foreground\"><\/div><\/div><div class=\"wp-block-getwid-section__content\"><div class=\"wp-block-getwid-section__inner-content\">\n<div class=\"wp-block-columns is-layout-flex wp-container-core-columns-is-layout-9d6595d7 wp-block-columns-is-layout-flex\">\n<div class=\"wp-block-column is-layout-flow wp-block-column-is-layout-flow\">\n<div class=\"wp-block-getwid-icon-box is-style-default icon-box-mobile-top has-icon-right has-text-left\"><div class=\"wp-block-getwid-icon-box__icon-container is-position-top\"><div class=\"wp-block-getwid-icon-box__icon-wrapper has-text-color\" style=\"color:#1e2c5f\"><i class=\"fas fa-map-marked-alt\"><\/i><\/div><\/div><div class=\"wp-block-getwid-icon-box__content\">\n<h2 class=\"wp-block-heading is-style-default has-text-color\" style=\"color:#1e2c5f\">Anfahrt und Parking<\/h2>\n\n\n\n<p><\/p>\n<\/div><\/div>\n<\/div>\n\n\n\n<div class=\"wp-block-column is-layout-flow wp-block-column-is-layout-flow\">\n<p><strong>Auto:<\/strong><br>Autobahnausfahrt A2\/E35 Melide (wenn Sie von Norden kommen) oder Mendrisio (wenn Sie von S\u00fcden kommen) , dann Richtung Capolago-Riva San Vitale, Brusino Arsizio. Wir sind im Dorfzentrum an der Seestrasse. \u00d6ffentliche Parkpl\u00e4tze in der N\u00e4he, Parkkarte von Dolceresio offeriert.<\/p>\n\n\n\n<p><strong>\u00d6ffentliche Verkehrsmittel:<\/strong><br>Mit Zug bis Capolago oder Porto Ceresio (IT), dann mit Postauto bis Brusino Arsizio (Haltestelle Rondello), 3 Minuten zu Fuss das Dorfstr\u00e4sschen Vila da Roncai\u00f6\u00f6 Richtung See hinunter.<br>Mit Schiff von Lugano oder Porto Ceresio (IT), von der Schiffshaltestelle Funivia-Serpiano oder Centro paese 5 Minuten zu Fuss.<\/p>\n\n\n\n<p><strong>Flugzeug:<\/strong><br>Lugano-Agno: 20 km<br>Milano-Malpensa: 52 km<br>Z\u00fcrich-Kloten: 241 km<\/p>\n<\/div>\n<\/div>\n<\/div><\/div><\/div><\/div><\/div>\n\n\n\n<div class=\"wp-block-getwid-section alignfull alignfull\"><div class=\"wp-block-getwid-section__wrapper getwid-padding-top-none getwid-padding-bottom-normal getwid-padding-left-medium getwid-padding-right-medium\"><div class=\"wp-block-getwid-section__inner-wrapper\"><div class=\"wp-block-getwid-section__background-holder\"><div class=\"wp-block-getwid-section__background\"><\/div><div class=\"wp-block-getwid-section__foreground\"><\/div><\/div><div class=\"wp-block-getwid-section__content\"><div class=\"wp-block-getwid-section__inner-content\">\n<div class=\"wp-block-columns is-layout-flex wp-container-core-columns-is-layout-9d6595d7 wp-block-columns-is-layout-flex\">\n<div class=\"wp-block-column is-layout-flow wp-block-column-is-layout-flow\">\n<div class=\"wp-block-getwid-icon-box is-style-default icon-box-mobile-top has-icon-right has-text-left\"><div class=\"wp-block-getwid-icon-box__icon-container is-position-top\"><div class=\"wp-block-getwid-icon-box__icon-wrapper has-text-color\" style=\"color:#1e2c5f\"><i class=\"fas fa-parking\"><\/i><\/div><\/div><div class=\"wp-block-getwid-icon-box__content\">\n<h2 class=\"wp-block-heading is-style-default has-text-color\" style=\"color:#1e2c5f\">Parkpl\u00e4tze<\/h2>\n\n\n\n<p><\/p>\n<\/div><\/div>\n<\/div>\n\n\n\n<div class=\"wp-block-column is-layout-flow wp-block-column-is-layout-flow\">\n<iframe loading=\"lazy\" src=\"https:\/\/www.google.com\/maps\/d\/u\/1\/embed?mid=1e9NWSD2PPNgGKX-u0W4GnBrmfA4IJAwW\" width=\"640\" height=\"480\"><\/iframe>\n<\/div>\n<\/div>\n<\/div><\/div><\/div><\/div><\/div>\n\n\n\n<div class=\"wp-block-getwid-section alignfull getwid-section-content-full-width\" style=\"margin-top:90px\"><div class=\"wp-block-getwid-section__wrapper getwid-padding-top-none getwid-padding-bottom-none getwid-padding-left-none getwid-padding-right-none\"><div class=\"wp-block-getwid-section__inner-wrapper\"><div class=\"wp-block-getwid-section__background-holder\"><div class=\"wp-block-getwid-section__background\" style=\"background-image:url('https:\/\/www.dolceresio.ch\/wp-content\/uploads\/2019\/07\/image_placeholder-copy-5.png');background-size:contain\"><div class=\"wp-block-getwid-section__background-image-wrapper\"><img decoding=\"async\" class=\"wp-block-getwid-section__background-image\" src=\"https:\/\/www.dolceresio.ch\/wp-content\/uploads\/2019\/07\/image_placeholder-copy-5.png\" alt=\"\"><\/div><\/div><div class=\"wp-block-getwid-section__foreground\"><\/div><\/div><div class=\"wp-block-getwid-section__content\"><div class=\"wp-block-getwid-section__inner-content\">\n<div class=\"wp-block-columns has-2-columns is-layout-flex wp-container-core-columns-is-layout-9d6595d7 wp-block-columns-is-layout-flex\">\n<div class=\"wp-block-column is-layout-flow wp-block-column-is-layout-flow\">\n<div class=\"wp-block-getwid-section bring-to-top getwid-section-content-custom-width\" style=\"margin-top:90px;margin-bottom:90px\"><div class=\"wp-block-getwid-section__wrapper getwid-padding-top-none getwid-padding-bottom-none getwid-padding-left-none getwid-padding-right-none getwid-justify-content-flex-end getwid-justify-content-tablet-center getwid-reset-min-height-tablet getwid-reset-min-height-mobile\" style=\"min-height:852px\"><div class=\"wp-block-getwid-section__inner-wrapper\" style=\"max-width:500px\"><div class=\"wp-block-getwid-section__background-holder\"><div class=\"wp-block-getwid-section__background\"><\/div><div class=\"wp-block-getwid-section__foreground\"><\/div><\/div><div class=\"wp-block-getwid-section__content\"><div class=\"wp-block-getwid-section__inner-content\">\n<div class=\"wp-block-getwid-section\"><div class=\"wp-block-getwid-section__wrapper\" style=\"padding-top:75px;padding-bottom:75px;padding-left:60px;padding-right:60px\"><div class=\"wp-block-getwid-section__inner-wrapper\"><div class=\"wp-block-getwid-section__background-holder\"><div class=\"wp-block-getwid-section__background has-background has-white-background-color\"><\/div><div class=\"wp-block-getwid-section__foreground\"><\/div><\/div><div class=\"wp-block-getwid-section__content\"><div class=\"wp-block-getwid-section__inner-content\">\n<div class=\"wp-block-getwid-advanced-heading is-style-default\" style=\"margin-bottom:20px\"><h2 class=\"wp-block-getwid-advanced-heading__content\">Kontaktformular<\/h2><\/div>\n\n\n\n<p>Wir stehen Ihnen f\u00fcr Fragen oder weitere Informationen gerne zur Verf\u00fcgung.<\/p>\n\n\n        <div class=\"wp-block-getwid-contact-form display-none\" >\n            <form class='wp-block-getwid-contact-form__form'>\n    \n        <p class='wp-block-getwid-field-name'>\n\t    <label\n        for='name-69e1d187297ec'\n        class='wp-block-getwid-field-name__label'\n    >Vor- und Nachname *<\/label>\n\t    <input id='name-69e1d187297ec' type='text' name='name'            required=''\n            \/>\n<\/p>\n\n\n        <p class='wp-block-getwid-field-email'>\n\t    <label\n\t\tfor='email-69e1d187298cb'\n        class='wp-block-getwid-field-email__label'\n    >E-Mail Adresse *<\/label>\n\t    <input id='email-69e1d187298cb' type='email' name='email'             required=''    \/>\n<\/p>\n\n\n        <p class='wp-block-getwid-field-textarea'>\n\t    <label\n\t\tfor='message-69e1d18729994'\n        class='wp-block-getwid-field-textarea__label'\n    >Nachricht*<\/label>\n\t    <textarea\n\t\tid='message-69e1d18729994' rows='5' name='message'            required=''\n            ><\/textarea>\n<\/p>\n\n\n\n            <div class='wp-block-getwid-captcha' data-sitekey='6LdUos8UAAAAACCKlIJP_NuWyO9uLClOzKIWXPzo'        data-theme=''>\n<\/div>\n\n    <input name='subject' \t\ttype='hidden'\n\t\/>\n\n\t<p class='wp-block-getwid-contact-form__result'><\/p>\n\n\t<div class='wp-block-getwid-contact-form__submit'>\n\t\t<div class='wp-block-button'>\n\t\t\t<button\n\t\t\t\ttype='submit'\n\t\t\t\tclass='wp-block-button__link '\t\t\t\t\tstyle=''\t\t\t>Senden<\/button>\n\t\t<\/div>\n\n\t<\/div>\n<\/form>\n        <\/div>\n\n\n<div class=\"forminator-guttenberg\"><div class=\"forminator-ui forminator-custom-form forminator-custom-form-2755 forminator-design--default  forminator_ajax\" data-forminator-render=\"0\" data-form=\"forminator-module-2755\" data-uid=\"69e1d1872b414\"><br\/><\/div><form\r\n\t\t\t\tid=\"forminator-module-2755\"\r\n\t\t\t\tclass=\"forminator-ui forminator-custom-form forminator-custom-form-2755 forminator-design--default  forminator_ajax\"\r\n\t\t\t\tmethod=\"post\"\r\n\t\t\t\tdata-forminator-render=\"0\"\r\n\t\t\t\tdata-form-id=\"2755\"\r\n\t\t\t\t data-color-option=\"default\" data-design=\"default\" data-grid=\"open\" style=\"display: none;\"\r\n\t\t\t\tdata-uid=\"69e1d1872b414\"\r\n\t\t\t><div role=\"alert\" aria-live=\"polite\" class=\"forminator-response-message forminator-error\" aria-hidden=\"true\"><\/div><div class=\"forminator-row\"><div id=\"name-1\" class=\"forminator-field-name forminator-col forminator-col-12 \"><div class=\"forminator-field\"><label for=\"forminator-field-name-1_69e1d1872b414\" id=\"forminator-field-name-1_69e1d1872b414-label\" class=\"forminator-label\">Vorname und Name <span class=\"forminator-required\">*<\/span><\/label><input type=\"text\" name=\"name-1\" value=\"\" placeholder=\"\" id=\"forminator-field-name-1_69e1d1872b414\" class=\"forminator-input forminator-name--field\" aria-required=\"true\" autocomplete=\"name\" \/><\/div><\/div><\/div><div class=\"forminator-row\"><div id=\"email-1\" class=\"forminator-field-email forminator-col forminator-col-12 \"><div class=\"forminator-field\"><label for=\"forminator-field-email-1_69e1d1872b414\" id=\"forminator-field-email-1_69e1d1872b414-label\" class=\"forminator-label\">E-mail-Adresse <span class=\"forminator-required\">*<\/span><\/label><input type=\"email\" name=\"email-1\" value=\"\" placeholder=\"\" id=\"forminator-field-email-1_69e1d1872b414\" class=\"forminator-input forminator-email--field\" data-required=\"true\" aria-required=\"true\" autocomplete=\"email\" \/><\/div><\/div><\/div><div class=\"forminator-row\"><div id=\"textarea-1\" class=\"forminator-field-textarea forminator-col forminator-col-12 \"><div class=\"forminator-field\"><label for=\"forminator-field-textarea-1_69e1d1872b414\" id=\"forminator-field-textarea-1_69e1d1872b414-label\" class=\"forminator-label\">Nachricht <span class=\"forminator-required\">*<\/span><\/label><textarea name=\"textarea-1\" placeholder=\"\" id=\"forminator-field-textarea-1_69e1d1872b414\" class=\"forminator-textarea\" rows=\"6\" style=\"min-height:140px;\" ><\/textarea><\/div><\/div><\/div><div class=\"forminator-row\"><div id=\"captcha-1\" class=\"forminator-field-captcha forminator-col forminator-col-12 \"><div class=\"forminator-captcha-left forminator-g-recaptcha\" data-theme=\"light\"  data-sitekey=\"6LdUos8UAAAAACCKlIJP_NuWyO9uLClOzKIWXPzo\" data-size=\"normal\"><\/div> <\/div><\/div><input type=\"hidden\" name=\"referer_url\" value=\"\" \/><div class=\"forminator-row forminator-row-last\"><div class=\"forminator-col\"><div class=\"forminator-field\"><button class=\"forminator-button forminator-button-submit\">Senden<\/button><\/div><\/div><\/div><input type=\"hidden\" id=\"forminator_nonce\" name=\"forminator_nonce\" value=\"e35b5adce6\" \/><input type=\"hidden\" name=\"_wp_http_referer\" value=\"\/de\/wp-json\/wp\/v2\/pages\/2047\" \/><input type=\"hidden\" name=\"form_id\" value=\"2755\"><input type=\"hidden\" name=\"page_id\" value=\"2047\"><input type=\"hidden\" name=\"form_type\" value=\"default\"><input type=\"hidden\" name=\"current_url\" value=\"https:\/\/www.dolceresio.ch\/de\/kontakt\/\"><input type=\"hidden\" name=\"render_id\" value=\"0\"><input type=\"hidden\" name=\"action\" value=\"forminator_submit_form_custom-forms\"><label for=\"input_4\" class=\"forminator-hidden\" aria-hidden=\"true\">Bitte f\u00fclle dieses Feld nicht aus. <input id=\"input_4\" type=\"text\" name=\"input_4\" value=\"\" autocomplete=\"off\"><\/label><\/form><\/div>\n<\/div><\/div><\/div><\/div><\/div>\n<\/div><\/div><\/div><\/div><\/div>\n<\/div>\n\n\n\n<div class=\"wp-block-column is-layout-flow wp-block-column-is-layout-flow\">\n<div class=\"wp-block-getwid-section getwid-section-content-full-width\" style=\"margin-top:45px;margin-bottom:45px\"><div class=\"wp-block-getwid-section__wrapper getwid-padding-top-none getwid-padding-bottom-none getwid-padding-left-none getwid-padding-right-none\" style=\"margin-left:-90px\"><div class=\"wp-block-getwid-section__inner-wrapper\"><div class=\"wp-block-getwid-section__background-holder\"><div class=\"wp-block-getwid-section__background\"><\/div><div class=\"wp-block-getwid-section__foreground\"><\/div><\/div><div class=\"wp-block-getwid-section__content\"><div class=\"wp-block-getwid-section__inner-content\">\n<div data-map-zoom=\"15\" data-interaction=\"cooperative\" data-map-style=\"custom\" data-custom-style=\"[\n    {\n        &quot;featureType&quot;: &quot;administrative&quot;,\n        &quot;elementType&quot;: &quot;all&quot;,\n        &quot;stylers&quot;: [\n            {\n                &quot;visibility&quot;: &quot;simplified&quot;\n            }\n        ]\n    },\n    {\n        &quot;featureType&quot;: &quot;administrative&quot;,\n        &quot;elementType&quot;: &quot;labels.text.fill&quot;,\n        &quot;stylers&quot;: [\n            {\n                &quot;color&quot;: &quot;#444444&quot;\n            }\n        ]\n    },\n    {\n        &quot;featureType&quot;: &quot;landscape&quot;,\n        &quot;elementType&quot;: &quot;all&quot;,\n        &quot;stylers&quot;: [\n            {\n                &quot;color&quot;: &quot;#f2f2f2&quot;\n            }\n        ]\n    },\n    {\n        &quot;featureType&quot;: &quot;poi&quot;,\n        &quot;elementType&quot;: &quot;labels&quot;,\n        &quot;stylers&quot;: [\n            {\n                &quot;saturation&quot;: -25\n            },\n            {\n                &quot;visibility&quot;: &quot;simplified&quot;\n            }\n        ]\n    },\n    {\n        &quot;featureType&quot;: &quot;poi.business&quot;,\n        &quot;elementType&quot;: &quot;labels.text&quot;,\n        &quot;stylers&quot;: [\n            {\n                &quot;visibility&quot;: &quot;off&quot;\n            }\n        ]\n    },\n    {\n        &quot;featureType&quot;: &quot;road&quot;,\n        &quot;elementType&quot;: &quot;all&quot;,\n        &quot;stylers&quot;: [\n            {\n                &quot;saturation&quot;: -100\n            },\n            {\n                &quot;visibility&quot;: &quot;simplified&quot;\n            }\n        ]\n    },\n    {\n        &quot;featureType&quot;: &quot;road.highway&quot;,\n        &quot;elementType&quot;: &quot;all&quot;,\n        &quot;stylers&quot;: [\n            {\n                &quot;visibility&quot;: &quot;simplified&quot;\n            }\n        ]\n    },\n    {\n        &quot;featureType&quot;: &quot;road.highway&quot;,\n        &quot;elementType&quot;: &quot;geometry.fill&quot;,\n        &quot;stylers&quot;: [\n            {\n                &quot;color&quot;: &quot;#bf9158&quot;\n            },\n            {\n                &quot;visibility&quot;: &quot;on&quot;\n            }\n        ]\n    },\n    {\n        &quot;featureType&quot;: &quot;road.arterial&quot;,\n        &quot;elementType&quot;: &quot;geometry.fill&quot;,\n        &quot;stylers&quot;: [\n            {\n                &quot;color&quot;: &quot;#e2b478&quot;\n            }\n        ]\n    },\n    {\n        &quot;featureType&quot;: &quot;transit&quot;,\n        &quot;elementType&quot;: &quot;all&quot;,\n        &quot;stylers&quot;: [\n            {\n                &quot;visibility&quot;: &quot;simplified&quot;\n            }\n        ]\n    },\n    {\n        &quot;featureType&quot;: &quot;water&quot;,\n        &quot;elementType&quot;: &quot;all&quot;,\n        &quot;stylers&quot;: [\n            {\n                &quot;color&quot;: &quot;#1e2c5f&quot;\n            }\n        ]\n    },\n    {\n        &quot;featureType&quot;: &quot;water&quot;,\n        &quot;elementType&quot;: &quot;labels.text&quot;,\n        &quot;stylers&quot;: [\n            {\n                &quot;color&quot;: &quot;#ffffff&quot;\n            }\n        ]\n    },\n    {\n        &quot;featureType&quot;: &quot;water&quot;,\n        &quot;elementType&quot;: &quot;labels.text.stroke&quot;,\n        &quot;stylers&quot;: [\n            {\n                &quot;color&quot;: &quot;#256461&quot;\n            }\n        ]\n    }\n]\" data-map-center=\"{&quot;lat&quot;:45.927803,&quot;lng&quot;:8.937465}\" data-zoom-control=\"true\" data-type-control=\"false\" data-street-view-control=\"false\" data-full-screen-control=\"false\" data-map-markers=\"[{&quot;name&quot;:&quot;Dolceresio Lugano Lake B&amp;B&quot;,&quot;description&quot;:&quot;&amp;lt;p&amp;gt;&amp;lt;b&amp;gt;Dolceresio B&amp;amp;B&amp;lt;\/b&amp;gt;&amp;lt;br\/&amp;gt;\\nVila da Roncai\u00f6\u00f6 1&amp;lt;br\/&amp;gt;\\n6827 Brusino Arsizio&amp;lt;\/p&amp;gt;\\n&amp;lt;p&amp;gt;&amp;lt;a href=&amp;quot;tel:0041796059593&amp;quot; target=&amp;quot;_blank&amp;quot;&amp;gt; +41 79 605 95 93&amp;lt;\/a&amp;gt;&amp;lt;\/p&amp;gt;\\n&amp;lt;p&amp;gt;&amp;lt;a href=&amp;quot;mailto:hello@dolceresio.ch&amp;quot; target=&amp;quot;_blank&amp;quot;&amp;gt;hello@dolceresio.ch&amp;lt;\/a&amp;gt;&amp;lt;\/p&amp;gt;&quot;,&quot;popUpOpen&quot;:false,&quot;popUpMaxWidth&quot;:250,&quot;bounce&quot;:false,&quot;coords&quot;:{&quot;lat&quot;:45.927815,&quot;lng&quot;:8.937428}}]\" class=\"wp-block-getwid-map\"><div style=\"height:1000px\" class=\"wp-block-getwid-map__container\"><\/div><ul class=\"wp-block-getwid-map__points\"><li><a href=\"https:\/\/maps.google.com\/?q=45.927815,8.937428&amp;ll=45.927815,8.937428&amp;z=15\" target=\"_blank\" rel=\"noopener\">Dolceresio Lugano Lake B&amp;B<\/a><\/li><\/ul><\/div>\n<\/div><\/div><\/div><\/div><\/div>\n<\/div>\n<\/div>\n<\/div><\/div><\/div><\/div><\/div>\n","protected":false},"excerpt":{"rendered":"","protected":false},"author":1,"featured_media":1409,"parent":0,"menu_order":0,"comment_status":"closed","ping_status":"closed","template":"","meta":{"inline_featured_image":false,"footnotes":""},"tags":[],"class_list":["post-2047","page","type-page","status-publish","has-post-thumbnail","hentry"],"_links":{"self":[{"href":"https:\/\/www.dolceresio.ch\/de\/wp-json\/wp\/v2\/pages\/2047","targetHints":{"allow":["GET"]}}],"collection":[{"href":"https:\/\/www.dolceresio.ch\/de\/wp-json\/wp\/v2\/pages"}],"about":[{"href":"https:\/\/www.dolceresio.ch\/de\/wp-json\/wp\/v2\/types\/page"}],"author":[{"embeddable":true,"href":"https:\/\/www.dolceresio.ch\/de\/wp-json\/wp\/v2\/users\/1"}],"replies":[{"embeddable":true,"href":"https:\/\/www.dolceresio.ch\/de\/wp-json\/wp\/v2\/comments?post=2047"}],"version-history":[{"count":11,"href":"https:\/\/www.dolceresio.ch\/de\/wp-json\/wp\/v2\/pages\/2047\/revisions"}],"predecessor-version":[{"id":8141,"href":"https:\/\/www.dolceresio.ch\/de\/wp-json\/wp\/v2\/pages\/2047\/revisions\/8141"}],"wp:featuredmedia":[{"embeddable":true,"href":"https:\/\/www.dolceresio.ch\/de\/wp-json\/wp\/v2\/media\/1409"}],"wp:attachment":[{"href":"https:\/\/www.dolceresio.ch\/de\/wp-json\/wp\/v2\/media?parent=2047"}],"wp:term":[{"taxonomy":"post_tag","embeddable":true,"href":"https:\/\/www.dolceresio.ch\/de\/wp-json\/wp\/v2\/tags?post=2047"}],"curies":[{"name":"wp","href":"https:\/\/api.w.org\/{rel}","templated":true}]}}