{"id":2052,"date":"2019-06-12T07:44:45","date_gmt":"2019-06-12T05:44:45","guid":{"rendered":"https:\/\/www.dolceresio.ch\/su-di-noi\/"},"modified":"2024-11-11T15:18:29","modified_gmt":"2024-11-11T14:18:29","slug":"ueber-uns","status":"publish","type":"page","link":"https:\/\/www.dolceresio.ch\/de\/ueber-uns\/","title":{"rendered":"\u00dcber uns"},"content":{"rendered":"\n<div class=\"wp-block-getwid-section alignfull alignfull getwid-margin-top-none getwid-margin-bottom-none\"><div class=\"wp-block-getwid-section__wrapper getwid-padding-top-none getwid-padding-bottom-none getwid-padding-left-medium getwid-padding-right-medium getwid-padding-mobile-left-small getwid-padding-mobile-right-small\"><div class=\"wp-block-getwid-section__inner-wrapper\"><div class=\"wp-block-getwid-section__background-holder\"><div class=\"wp-block-getwid-section__background\"><\/div><div class=\"wp-block-getwid-section__foreground\"><\/div><\/div><div class=\"wp-block-getwid-section__content\"><div class=\"wp-block-getwid-section__inner-content\">\n<div class=\"wp-block-columns has-2-columns is-layout-flex wp-container-core-columns-is-layout-9d6595d7 wp-block-columns-is-layout-flex\">\n<div class=\"wp-block-column is-layout-flow wp-block-column-is-layout-flow\">\n<div class=\"wp-block-getwid-advanced-heading is-style-style-1 has-custom-font-size\" style=\"font-size:12px;margin-bottom:0px\"><p class=\"wp-block-getwid-advanced-heading__content\" style=\"text-transform:uppercase;letter-spacing:0.1em\">Little charming Bed&amp;Breakfast on the lake<\/p><\/div>\n\n\n\n<div class=\"wp-block-getwid-advanced-heading is-style-default\" style=\"margin-top:10px\"><h2 class=\"wp-block-getwid-advanced-heading__content\">B&amp;B Dolceresio<\/h2><\/div>\n<\/div>\n\n\n\n<div class=\"wp-block-column is-layout-flow wp-block-column-is-layout-flow\">\n<p>Schweizer Bodenst\u00e4ndigkeit und Italienischer Charme: eine perfekte Mischung aus schlichter Eleganz, um Ihnen einen beschwingten und entspannenden Aufenthalt zu erm\u00f6glichen, dessen Wirkung Sie bis in den Alltag begleiten wird.<\/p>\n\n\n\n<p>Der Gast und die Qualit\u00e4t seiner Zeit sind die Mission, welcher wir unsere Aufmerksamkeit und Liebe zum Detail widmen, stets mit nat\u00fcrlicher Diskretion und Feinf\u00fchligkeit.<\/p>\n<\/div>\n<\/div>\n<\/div><\/div><\/div><\/div><\/div>\n\n\n\n<div class=\"wp-block-getwid-section alignfull alignfull\"><div class=\"wp-block-getwid-section__wrapper getwid-padding-top-normal getwid-padding-bottom-normal\"><div class=\"wp-block-getwid-section__inner-wrapper\"><div class=\"wp-block-getwid-section__background-holder\"><div class=\"wp-block-getwid-section__background\"><\/div><div class=\"wp-block-getwid-section__foreground\"><\/div><\/div><div class=\"wp-block-getwid-section__content\"><div class=\"wp-block-getwid-section__inner-content\">\n<hr class=\"wp-block-separator has-css-opacity is-style-wide\"\/>\n<\/div><\/div><\/div><\/div><\/div>\n\n\n\n<div class=\"wp-block-getwid-section alignfull alignfull getwid-margin-top-none getwid-margin-bottom-none\"><div class=\"wp-block-getwid-section__wrapper getwid-padding-top-none getwid-padding-bottom-none getwid-padding-left-medium getwid-padding-right-medium getwid-padding-mobile-left-small getwid-padding-mobile-right-small\"><div class=\"wp-block-getwid-section__inner-wrapper\"><div class=\"wp-block-getwid-section__background-holder\"><div class=\"wp-block-getwid-section__background\"><\/div><div class=\"wp-block-getwid-section__foreground\"><\/div><\/div><div class=\"wp-block-getwid-section__content\"><div class=\"wp-block-getwid-section__inner-content\">\n<div class=\"wp-block-columns has-2-columns is-layout-flex wp-container-core-columns-is-layout-9d6595d7 wp-block-columns-is-layout-flex\">\n<div class=\"wp-block-column is-layout-flow wp-block-column-is-layout-flow\">\n<div class=\"wp-block-getwid-advanced-heading is-style-style-1 has-custom-font-size\" style=\"font-size:12px;margin-bottom:0px\"><p class=\"wp-block-getwid-advanced-heading__content\" style=\"text-transform:uppercase;letter-spacing:0.1em\">LEIDENSCHAFT UND PROFESSIONALIT\u00c4T<\/p><\/div>\n\n\n\n<div class=\"wp-block-getwid-advanced-heading is-style-default\" style=\"margin-top:10px\"><h2 class=\"wp-block-getwid-advanced-heading__content\">Dolceresio: Die Geschichte<\/h2><\/div>\n<\/div>\n\n\n\n<div class=\"wp-block-column is-layout-flow wp-block-column-is-layout-flow\">\n<p>Dolceresio befindet sich in einem Geb\u00e4ude des 18. Jahrhunderts, das meine Eltern Dorit und Werner W\u00e4lchli 1998 gekauft haben.<\/p>\n\n\n\n<p>Jahrelang habe ich einen eigenen Restaurantbetrieb mit Leidenschaft und grosser Zufriedenheit gef\u00fchrt.<\/p>\n\n\n\n<p>Anschliessend habe ich in verschiedenen Branchen gearbeitet, was meinen Horizont sicher erweitert hat. Pl\u00f6tzlich aber wird das Bed\u00fcrfnis, zu dem zur\u00fcckzukehren, was ich immer geliebt habe, zur Priorit\u00e4t.<\/p>\n\n\n\n<p>Zusammen mit meiner Freundin Ilaria gr\u00fcnden wir im 2020 das Dolceresio Lugano Lake B&amp;B\u201c.<\/p>\n\n\n\n<p>Wir sind zwei Frauen mit gegens\u00e4tzlichen aber erg\u00e4nzenden Charaktereigenschaften. Dolceresio f\u00e4ngt unsere Bestrebungen und Bed\u00fcrfnisse auf, einer bereichernder Arbeit nachzugehen, die uns gl\u00fccklich macht. Es handelt sich also nicht nur um ein B&amp;B, sondern um ein Projekt, das in langen und lustigen gemeinsamen Arbeitssitzungen entstanden ist.<\/p>\n\n\n\n<p>Ab 2024 trennen sich unsere Wege, aber nur beruflich, denn wahre Freundschaften bleiben bestehen.<\/p>\n\n\n\n<p>Ich f\u00fchre das Dolceresio mit Freude weiter, indem ich mich dankbar auf das gemeinsam Erschaffte st\u00fctze und mit frischem Blick Neues aufbaue.<\/p>\n<\/div>\n<\/div>\n<\/div><\/div><\/div><\/div><\/div>\n\n\n\n<div class=\"wp-block-getwid-section alignfull alignfull\"><div class=\"wp-block-getwid-section__wrapper getwid-padding-top-normal getwid-padding-bottom-normal\"><div class=\"wp-block-getwid-section__inner-wrapper\"><div class=\"wp-block-getwid-section__background-holder\"><div class=\"wp-block-getwid-section__background\"><\/div><div class=\"wp-block-getwid-section__foreground\"><\/div><\/div><div class=\"wp-block-getwid-section__content\"><div class=\"wp-block-getwid-section__inner-content\">\n<hr class=\"wp-block-separator has-css-opacity is-style-wide\"\/>\n<\/div><\/div><\/div><\/div><\/div>\n\n\n\n<div class=\"wp-block-getwid-section alignfull alignfull getwid-margin-top-none getwid-margin-bottom-none\"><div class=\"wp-block-getwid-section__wrapper getwid-padding-top-none getwid-padding-bottom-none getwid-padding-left-medium getwid-padding-right-medium getwid-padding-mobile-left-small getwid-padding-mobile-right-small\"><div class=\"wp-block-getwid-section__inner-wrapper\"><div class=\"wp-block-getwid-section__background-holder\"><div class=\"wp-block-getwid-section__background\"><\/div><div class=\"wp-block-getwid-section__foreground\"><\/div><\/div><div class=\"wp-block-getwid-section__content\"><div class=\"wp-block-getwid-section__inner-content\">\n<div class=\"wp-block-getwid-advanced-heading is-style-style-1 display-none has-custom-font-size\" style=\"font-size:12px;margin-bottom:0px\"><p class=\"wp-block-getwid-advanced-heading__content\" style=\"text-transform:uppercase;letter-spacing:0.1em\">Das Team<\/p><\/div>\n\n\n\n<div class=\"wp-block-getwid-advanced-heading is-style-default\" style=\"margin-bottom:60px;margin-top:10px\"><h2 class=\"wp-block-getwid-advanced-heading__content\" style=\"text-align:center\">\u00dcber mich<\/h2><\/div>\n\n\n\n<div class=\"wp-block-columns has-2-columns team-block is-layout-flex wp-container-core-columns-is-layout-9d6595d7 wp-block-columns-is-layout-flex\">\n<div class=\"wp-block-column is-layout-flow wp-block-column-is-layout-flow\" style=\"flex-basis:25%\"><\/div>\n\n\n\n<div class=\"wp-block-column is-layout-flow wp-block-column-is-layout-flow\" style=\"flex-basis:50%\">\n<div class=\"wp-block-getwid-person\"><div class=\"wp-block-getwid-person__image\"><img loading=\"lazy\" decoding=\"async\" width=\"745\" height=\"1095\" src=\"https:\/\/www.dolceresio.ch\/wp-content\/uploads\/2024\/11\/DCR_Ariane.jpeg\" class=\"wp-image-8262\" alt=\"\" srcset=\"https:\/\/www.dolceresio.ch\/wp-content\/uploads\/2024\/11\/DCR_Ariane.jpeg 745w, https:\/\/www.dolceresio.ch\/wp-content\/uploads\/2024\/11\/DCR_Ariane-204x300.jpeg 204w, https:\/\/www.dolceresio.ch\/wp-content\/uploads\/2024\/11\/DCR_Ariane-697x1024.jpeg 697w, https:\/\/www.dolceresio.ch\/wp-content\/uploads\/2024\/11\/DCR_Ariane-600x882.jpeg 600w\" sizes=\"auto, (max-width: 745px) 100vw, 745px\" \/><\/div><div class=\"wp-block-getwid-person__content-wrapper\"><span class=\"wp-block-getwid-person__title\"><br>Ariane Dorit Polli<\/span><span class=\"wp-block-getwid-person__subtitle\">EIGENT\u00dcMERIN<\/span><p class=\"wp-block-getwid-person__content\">Ecole h\u00f4teli\u00e8re de Lausanne<br>Sprachen: Schwyzerd\u00fctsch, DE, IT, EN, FR                    <br><br><em>Dolceresio\u2026um die unbeschwerte Seite des Lebens und unserer Region neu zu entdecken.<\/em><\/p>\n<div class=\"wp-block-getwid-social-links has-large-spacing\" style=\"font-size:24px\"><ul class=\"wp-block-getwid-social-links__list getwid-justify-content-flex-start\"><\/ul><\/div>\n<\/div><\/div>\n<\/div>\n\n\n\n<div class=\"wp-block-column is-layout-flow wp-block-column-is-layout-flow\" style=\"flex-basis:25%\"><\/div>\n<\/div>\n\n\n\n<div class=\"wp-block-getwid-section alignfull display-none alignfull\"><div class=\"wp-block-getwid-section__wrapper getwid-padding-top-medium\"><div class=\"wp-block-getwid-section__inner-wrapper\"><div class=\"wp-block-getwid-section__background-holder\"><div class=\"wp-block-getwid-section__background\"><\/div><div class=\"wp-block-getwid-section__foreground\"><\/div><\/div><div class=\"wp-block-getwid-section__content\"><div class=\"wp-block-getwid-section__inner-content\">\n<div class=\"wp-block-getwid-advanced-heading has-custom-font-size\" style=\"font-size:1.25em\"><p class=\"wp-block-getwid-advanced-heading__content\" style=\"text-align:center;font-weight:900\">Kann ein kurzer Aufenthalt Ihr t\u00e4gliches Leben neu pr\u00e4gen?<br>Wenn Sie innehalten und auf Sich h\u00f6ren: JA!<\/p><\/div>\n<\/div><\/div><\/div><\/div><\/div>\n<\/div><\/div><\/div><\/div><\/div>\n","protected":false},"excerpt":{"rendered":"","protected":false},"author":1,"featured_media":1183,"parent":0,"menu_order":0,"comment_status":"closed","ping_status":"closed","template":"","meta":{"inline_featured_image":false,"footnotes":""},"tags":[],"class_list":["post-2052","page","type-page","status-publish","has-post-thumbnail","hentry"],"_links":{"self":[{"href":"https:\/\/www.dolceresio.ch\/de\/wp-json\/wp\/v2\/pages\/2052","targetHints":{"allow":["GET"]}}],"collection":[{"href":"https:\/\/www.dolceresio.ch\/de\/wp-json\/wp\/v2\/pages"}],"about":[{"href":"https:\/\/www.dolceresio.ch\/de\/wp-json\/wp\/v2\/types\/page"}],"author":[{"embeddable":true,"href":"https:\/\/www.dolceresio.ch\/de\/wp-json\/wp\/v2\/users\/1"}],"replies":[{"embeddable":true,"href":"https:\/\/www.dolceresio.ch\/de\/wp-json\/wp\/v2\/comments?post=2052"}],"version-history":[{"count":4,"href":"https:\/\/www.dolceresio.ch\/de\/wp-json\/wp\/v2\/pages\/2052\/revisions"}],"predecessor-version":[{"id":8274,"href":"https:\/\/www.dolceresio.ch\/de\/wp-json\/wp\/v2\/pages\/2052\/revisions\/8274"}],"wp:featuredmedia":[{"embeddable":true,"href":"https:\/\/www.dolceresio.ch\/de\/wp-json\/wp\/v2\/media\/1183"}],"wp:attachment":[{"href":"https:\/\/www.dolceresio.ch\/de\/wp-json\/wp\/v2\/media?parent=2052"}],"wp:term":[{"taxonomy":"post_tag","embeddable":true,"href":"https:\/\/www.dolceresio.ch\/de\/wp-json\/wp\/v2\/tags?post=2052"}],"curies":[{"name":"wp","href":"https:\/\/api.w.org\/{rel}","templated":true}]}}