{"id":2630,"date":"2019-06-12T11:59:52","date_gmt":"2019-06-12T11:59:52","guid":{"rendered":"https:\/\/www.dolceresio.ch\/condizioni-generali\/"},"modified":"2020-08-17T07:57:17","modified_gmt":"2020-08-17T05:57:17","slug":"conditions-generales","status":"publish","type":"page","link":"https:\/\/www.dolceresio.ch\/fr\/conditions-generales\/","title":{"rendered":"Conditions g\u00e9n\u00e9rales"},"content":{"rendered":"\n<h2 class=\"wp-block-heading\"> Condizioni di cancellazione<\/h2>\n\n<p>L\u2019h\u00f4te peut annuler gratuitement jusqu\u2019\u00e0 7 jours avant son arriv\u00e9e pr\u00e9vue. Dans le cas de pr\u00e9sentation manqu\u00e9e, le prix total de la r\u00e9servation sera d\u00e9bit\u00e9.<\/p>\n","protected":false},"excerpt":{"rendered":"<p>Condizioni di cancellazione L\u2019h\u00f4te peut annuler gratuitement jusqu\u2019\u00e0 7 jours avant son arriv\u00e9e pr\u00e9vue. Dans le cas de pr\u00e9sentation manqu\u00e9e, le prix total de la r\u00e9servation sera d\u00e9bit\u00e9.<\/p>\n","protected":false},"author":1,"featured_media":0,"parent":0,"menu_order":0,"comment_status":"closed","ping_status":"closed","template":"","meta":{"inline_featured_image":false,"footnotes":""},"tags":[],"class_list":["post-2630","page","type-page","status-publish","hentry"],"_links":{"self":[{"href":"https:\/\/www.dolceresio.ch\/fr\/wp-json\/wp\/v2\/pages\/2630","targetHints":{"allow":["GET"]}}],"collection":[{"href":"https:\/\/www.dolceresio.ch\/fr\/wp-json\/wp\/v2\/pages"}],"about":[{"href":"https:\/\/www.dolceresio.ch\/fr\/wp-json\/wp\/v2\/types\/page"}],"author":[{"embeddable":true,"href":"https:\/\/www.dolceresio.ch\/fr\/wp-json\/wp\/v2\/users\/1"}],"replies":[{"embeddable":true,"href":"https:\/\/www.dolceresio.ch\/fr\/wp-json\/wp\/v2\/comments?post=2630"}],"version-history":[{"count":3,"href":"https:\/\/www.dolceresio.ch\/fr\/wp-json\/wp\/v2\/pages\/2630\/revisions"}],"predecessor-version":[{"id":3472,"href":"https:\/\/www.dolceresio.ch\/fr\/wp-json\/wp\/v2\/pages\/2630\/revisions\/3472"}],"wp:attachment":[{"href":"https:\/\/www.dolceresio.ch\/fr\/wp-json\/wp\/v2\/media?parent=2630"}],"wp:term":[{"taxonomy":"post_tag","embeddable":true,"href":"https:\/\/www.dolceresio.ch\/fr\/wp-json\/wp\/v2\/tags?post=2630"}],"curies":[{"name":"wp","href":"https:\/\/api.w.org\/{rel}","templated":true}]}}