{"id":2633,"date":"2019-06-11T14:22:58","date_gmt":"2019-06-11T12:22:58","guid":{"rendered":"https:\/\/www.dolceresio.ch\/camere\/"},"modified":"2021-06-14T14:56:06","modified_gmt":"2021-06-14T12:56:06","slug":"les-chambres","status":"publish","type":"page","link":"https:\/\/www.dolceresio.ch\/fr\/les-chambres\/","title":{"rendered":"Les Chambres"},"content":{"rendered":"\n<div class=\"wp-block-getwid-section alignfull alignfull\"><div class=\"wp-block-getwid-section__wrapper getwid-padding-top-none getwid-padding-bottom-none getwid-padding-left-medium getwid-padding-right-medium\"><div class=\"wp-block-getwid-section__inner-wrapper\"><div class=\"wp-block-getwid-section__background-holder\"><div class=\"wp-block-getwid-section__background\"><\/div><div class=\"wp-block-getwid-section__foreground\"><\/div><\/div><div class=\"wp-block-getwid-section__content\"><div class=\"wp-block-getwid-section__inner-content\">\n<div class=\"wp-block-columns is-layout-flex wp-container-core-columns-is-layout-9d6595d7 wp-block-columns-is-layout-flex\">\n<div class=\"wp-block-column is-layout-flow wp-block-column-is-layout-flow\">\n<div class=\"wp-block-getwid-advanced-heading is-style-style-1 has-custom-font-size\" style=\"font-size:12px;margin-bottom:0px\"><p class=\"wp-block-getwid-advanced-heading__content\" style=\"text-transform:uppercase;letter-spacing:0.1em\">LITTLE CHARMING BED&amp;BREAKFAST ON THE LAKE<\/p><\/div>\n\n\n\n<div class=\"wp-block-getwid-advanced-heading is-style-default\" style=\"margin-top:10px\"><h2 class=\"wp-block-getwid-advanced-heading__content\"> B&amp;B Dolceresio <\/h2><\/div>\n<\/div>\n\n\n\n<div class=\"wp-block-column is-layout-flow wp-block-column-is-layout-flow\">\n<p>Dolceresio dispose de 4 chambres, doubles et triples.<\/p>\n\n\n\n<p>Les chambres doubles Superior Helios e Hypnos donnent sur un jardin typique du noyaux brusinien et elles offrent une terrasse romantique avec vue sur le Monte San Giorgio.<\/p>\n\n\n\n<p>Les chambres doubles\/triples Deluxe Dike et Nike jouissent d\u2019une vue coupe-souffle sur le lac Ceresio et sur le bourg de Morcote (qui fut \u00e9lu le plus beau village de Suisse en 2017). Chacune d\u2019elles est dou\u00e9e de deux petits balcons.<\/p>\n\n\n\n<p>Toutes nos chambres sont \u00e9quip\u00e9es de salle de bains priv\u00e9e et moderne, lits king-size, brancards g\u00e9n\u00e9reux, air conditionn\u00e9\/chauffage autonomes, TV \u00e9cran plat avec les canaux satellitaires, WiFi gratuit, frigobar et dispositif pour caf\u00e9, th\u00e9 et tisanes.<\/p>\n<\/div>\n<\/div>\n<\/div><\/div><\/div><\/div><\/div>\n\n\n\n<div class=\"wp-block-getwid-section alignfull alignfull\"><div class=\"wp-block-getwid-section__wrapper getwid-padding-top-none getwid-padding-bottom-none getwid-padding-left-medium getwid-padding-right-medium\"><div class=\"wp-block-getwid-section__inner-wrapper\"><div class=\"wp-block-getwid-section__background-holder\"><div class=\"wp-block-getwid-section__background\"><\/div><div class=\"wp-block-getwid-section__foreground\"><\/div><\/div><div class=\"wp-block-getwid-section__content\"><div class=\"wp-block-getwid-section__inner-content\"><\/div><\/div><\/div><\/div><\/div>\n\n\n\n<div class=\"wp-block-getwid-section alignfull alignfull\"><div class=\"wp-block-getwid-section__wrapper getwid-padding-top-normal getwid-padding-bottom-normal\"><div class=\"wp-block-getwid-section__inner-wrapper\"><div class=\"wp-block-getwid-section__background-holder\"><div class=\"wp-block-getwid-section__background\"><\/div><div class=\"wp-block-getwid-section__foreground\"><\/div><\/div><div class=\"wp-block-getwid-section__content\"><div class=\"wp-block-getwid-section__inner-content\">\n<hr class=\"wp-block-separator is-style-wide\"\/>\n<\/div><\/div><\/div><\/div><\/div>\n\n\n\n<div style=\"text-align:center;\">\n<!-- START Touristdatashop-TBooking - V.3.0 14.06.2021 - 14:55  -->\n<script src=\"https:\/\/tbooking.touristdatashop.ch\/V.3.0\/js\/tbooking.min.js\"><\/script>\n<script>\nTbookingWidget.frameSrc = 'https:\/\/tbooking.touristdatashop.ch\/V.3.0\/generatorFR.php';\nTbookingWidget.init({\"tbookingid\":\"TDS00020013128826449\",\"LANG\":\"fr\",\"target\":\"_blank\",\"format\":\"100%\",\"generalcolor\":\"#FFFFFF\",\"font\":\"\",\"shadow\":\"0 0 20px rgba(0, 0, 0, 0.3)\",\"adults\":10,\"padding\":[\"15px\",\"30px\",\"25px\",\"30px\"],\"headertitle\":\"1\",\"headercolor\":[\"#1e2c5f\",\"#FFFFFF\"],\"fieldsetcolor\":[\"#1e2c5f\",\"#FFFFFF\"],\"footercolor\":[\"#1e2c5f\",\"#FFFFFF\"],\"buttoncolor\":[\"#bf9158\",\"#FFFFFF\"],\"buttontext\":\"Verifier la disponibilit\\u00e9\"});\n<\/script>\n<!-- END Touristdatashop-TBooking - V.3.0 14.06.2021 - 14:55  -->\n<\/div>\n\n\n<div class=\"mphb_sc_rooms-wrapper mphb-room-types display-none hide-features slider-arrows-visible alignwide\">\t<div class=\"mphb-room-types-wrapper\">\n\t\n<div class=\"mphb-room-type post-2070 mphb_room_type type-mphb_room_type status-publish has-post-thumbnail mphb_room_type_category-double mphb_room_type_category-individuelle mphb-room-type-adults-2 mphb-room-type-children-0 has-taxes-and-fees\">\n\n                <div class=\"room-images-wrapper\">\n            \n\n\t<div class=\"mphb-room-type-images\">\n\t<div id='mphb-flexslider-gallery-1' class='gallery-columns-1 gallery-size-luviana-square mphb-gallery-main-slider mphb-flexslider-gallery-wrapper mphb-room-type-gallery-wrapper mphb-gallery-main-slider-6a0344c908570' data-flexslider-atts='{\"animation\":\"slide\",\"controlNav\":false,\"animationLoop\":true,\"smoothHeight\":true,\"slideshow\":false}' data-group='6a0344c908570'><ul class=\"slides\"><li class='gallery-item'><span class='gallery-icon landscape'>\n\t\t\t\t<a href=\"https:\/\/www.dolceresio.ch\/fr\/accommodation\/camera-doppia-superior-con-balcone\/\"><img loading=\"lazy\" decoding=\"async\" width=\"992\" height=\"992\" src=\"https:\/\/www.dolceresio.ch\/wp-content\/uploads\/2020\/02\/Vista-Helios-992x992.jpg\" class=\"attachment-luviana-square size-luviana-square\" alt=\"\" srcset=\"https:\/\/www.dolceresio.ch\/wp-content\/uploads\/2020\/02\/Vista-Helios-992x992.jpg 992w, https:\/\/www.dolceresio.ch\/wp-content\/uploads\/2020\/02\/Vista-Helios-150x150.jpg 150w, https:\/\/www.dolceresio.ch\/wp-content\/uploads\/2020\/02\/Vista-Helios-300x300.jpg 300w, https:\/\/www.dolceresio.ch\/wp-content\/uploads\/2020\/02\/Vista-Helios-100x100.jpg 100w\" sizes=\"auto, (max-width: 992px) 100vw, 992px\"><\/a>\n\t\t\t<\/span><\/li><li class='gallery-item'><span class='gallery-icon landscape'>\n\t\t\t\t<a href=\"https:\/\/www.dolceresio.ch\/fr\/accommodation\/camera-doppia-superior-con-balcone\/\"><img loading=\"lazy\" decoding=\"async\" width=\"992\" height=\"992\" src=\"https:\/\/www.dolceresio.ch\/wp-content\/uploads\/2020\/02\/Helios-992x992.jpg\" class=\"attachment-luviana-square size-luviana-square\" alt=\"\" srcset=\"https:\/\/www.dolceresio.ch\/wp-content\/uploads\/2020\/02\/Helios-992x992.jpg 992w, https:\/\/www.dolceresio.ch\/wp-content\/uploads\/2020\/02\/Helios-150x150.jpg 150w, https:\/\/www.dolceresio.ch\/wp-content\/uploads\/2020\/02\/Helios-300x300.jpg 300w, https:\/\/www.dolceresio.ch\/wp-content\/uploads\/2020\/02\/Helios-100x100.jpg 100w\" sizes=\"auto, (max-width: 992px) 100vw, 992px\"><\/a>\n\t\t\t<\/span><\/li><li class='gallery-item'><span class='gallery-icon landscape'>\n\t\t\t\t<a href=\"https:\/\/www.dolceresio.ch\/fr\/accommodation\/camera-doppia-superior-con-balcone\/\"><img loading=\"lazy\" decoding=\"async\" width=\"992\" height=\"992\" src=\"https:\/\/www.dolceresio.ch\/wp-content\/uploads\/2020\/02\/Hypnos-1x-992x992.jpg\" class=\"attachment-luviana-square size-luviana-square\" alt=\"\" srcset=\"https:\/\/www.dolceresio.ch\/wp-content\/uploads\/2020\/02\/Hypnos-1x-992x992.jpg 992w, https:\/\/www.dolceresio.ch\/wp-content\/uploads\/2020\/02\/Hypnos-1x-150x150.jpg 150w, https:\/\/www.dolceresio.ch\/wp-content\/uploads\/2020\/02\/Hypnos-1x-300x300.jpg 300w, https:\/\/www.dolceresio.ch\/wp-content\/uploads\/2020\/02\/Hypnos-1x-100x100.jpg 100w\" sizes=\"auto, (max-width: 992px) 100vw, 992px\"><\/a>\n\t\t\t<\/span><\/li><li class='gallery-item'><span class='gallery-icon landscape'>\n\t\t\t\t<a href=\"https:\/\/www.dolceresio.ch\/fr\/accommodation\/camera-doppia-superior-con-balcone\/\"><img loading=\"lazy\" decoding=\"async\" width=\"992\" height=\"992\" src=\"https:\/\/www.dolceresio.ch\/wp-content\/uploads\/2020\/02\/Hypnos-992x992.jpg\" class=\"attachment-luviana-square size-luviana-square\" alt=\"\" srcset=\"https:\/\/www.dolceresio.ch\/wp-content\/uploads\/2020\/02\/Hypnos-992x992.jpg 992w, https:\/\/www.dolceresio.ch\/wp-content\/uploads\/2020\/02\/Hypnos-150x150.jpg 150w, https:\/\/www.dolceresio.ch\/wp-content\/uploads\/2020\/02\/Hypnos-300x300.jpg 300w, https:\/\/www.dolceresio.ch\/wp-content\/uploads\/2020\/02\/Hypnos-100x100.jpg 100w\" sizes=\"auto, (max-width: 992px) 100vw, 992px\"><\/a>\n\t\t\t<\/span><\/li><li class='gallery-item'><span class='gallery-icon portrait'>\n\t\t\t\t<a href=\"https:\/\/www.dolceresio.ch\/fr\/accommodation\/camera-doppia-superior-con-balcone\/\"><img loading=\"lazy\" decoding=\"async\" width=\"992\" height=\"992\" src=\"https:\/\/www.dolceresio.ch\/wp-content\/uploads\/2020\/02\/Terrace-Hypnos-992x992.jpg\" class=\"attachment-luviana-square size-luviana-square\" alt=\"\" srcset=\"https:\/\/www.dolceresio.ch\/wp-content\/uploads\/2020\/02\/Terrace-Hypnos-992x992.jpg 992w, https:\/\/www.dolceresio.ch\/wp-content\/uploads\/2020\/02\/Terrace-Hypnos-150x150.jpg 150w, https:\/\/www.dolceresio.ch\/wp-content\/uploads\/2020\/02\/Terrace-Hypnos-300x300.jpg 300w, https:\/\/www.dolceresio.ch\/wp-content\/uploads\/2020\/02\/Terrace-Hypnos-100x100.jpg 100w\" sizes=\"auto, (max-width: 992px) 100vw, 992px\"><\/a>\n\t\t\t<\/span><\/li><li class='gallery-item'><span class='gallery-icon portrait'>\n\t\t\t\t<a href=\"https:\/\/www.dolceresio.ch\/fr\/accommodation\/camera-doppia-superior-con-balcone\/\"><img loading=\"lazy\" decoding=\"async\" width=\"992\" height=\"992\" src=\"https:\/\/www.dolceresio.ch\/wp-content\/uploads\/2020\/02\/Doccia-Hypnos-992x992.jpg\" class=\"attachment-luviana-square size-luviana-square\" alt=\"\" srcset=\"https:\/\/www.dolceresio.ch\/wp-content\/uploads\/2020\/02\/Doccia-Hypnos-992x992.jpg 992w, https:\/\/www.dolceresio.ch\/wp-content\/uploads\/2020\/02\/Doccia-Hypnos-150x150.jpg 150w, https:\/\/www.dolceresio.ch\/wp-content\/uploads\/2020\/02\/Doccia-Hypnos-300x300.jpg 300w, https:\/\/www.dolceresio.ch\/wp-content\/uploads\/2020\/02\/Doccia-Hypnos-100x100.jpg 100w\" sizes=\"auto, (max-width: 992px) 100vw, 992px\"><\/a>\n\t\t\t<\/span><\/li><\/ul>\n\t\t<\/div>\n\n\t<\/div>\n\t        <\/div>\n                <div class=\"room-description-wrapper\">\n            <div class=\"room-description-inner-wrapper\">\n                                    <div class=\"room-details\">\n                        \n<h2 class=\"mphb-room-type-title entry-title\">\n\n<a class=\"mphb-room-type-title\" href=\"https:\/\/www.dolceresio.ch\/fr\/accommodation\/camera-doppia-superior-con-balcone\/\">Chambres doubles Superior<\/a>\n\n<\/h2>\n\n<p>Les chambres doubles Superior donnent sur un jardin typique du noyaux brusinien et elles offrent une terrasse romantique avec vue sur le Monte San Giorgio.<\/p>\n\n\n<h3 class=\"mphb-room-type-details-title\">D\u00e9tails<\/h3><ul class=\"mphb-loop-room-type-attributes\">\n\n\n\t<li class=\"mphb-room-type-adults-capacity\"><span class=\"mphb-attribute-title mphb-adults-title\">H\u00f4tes:<\/span><span class=\"mphb-attribute-value\">\n\t2\n\t<\/span><\/li>\n\t\n\n\n\t<li class=\"mphb-room-type-view\"><span class=\"mphb-attribute-title mphb-view-title\">Vue :<\/span><span class=\"mphb-attribute-value\">\n\tjardin\n\t<\/span><\/li>\n\t\n\n\n\t<li class=\"mphb-room-type-size\"><span class=\"mphb-attribute-title mphb-size-title\">Taille :<\/span><span class=\"mphb-attribute-value\">\n\t20m\u00b2\n\t<\/span><\/li>\n\t\n\n\t<li class=\"mphb-room-type-bed-type\"><span  class=\"mphb-attribute-title mphb-bed-type-title\">Type de lit :<\/span><span class=\"mphb-attribute-value\">\n\tmatrimonial king-size\n\t<\/span><\/li>\n\t\n\n\t<li class=\"mphb-room-type-categories\"><span class=\"mphb-attribute-title mphb-categories-title\">Cat\u00e9gories :<\/span><span class=\"mphb-attribute-value\"> <span class=\"category-double\"><a href=\"https:\/\/www.dolceresio.ch\/fr\/accommodation-category\/double\/\">Double<\/a><\/span>, <span class=\"category-individuelle\"><a href=\"https:\/\/www.dolceresio.ch\/fr\/accommodation-category\/individuelle\/\">Individuelle<\/a><\/span><\/span><\/li>\n\t\n\n<\/ul>                    <\/div>\n                                    <div class=\"room-booking-details\">\n                        \n\n<div class=\"mphb-to-book-btn-wrapper\">\n<form action=\"https:\/\/www.dolceresio.ch\/fr\/accommodation\/camera-doppia-superior-con-balcone\/#booking-form-2070\" method=\"get\" ><button type=\"submit\" class=\"button mphb-book-button\" >R\u00e9server<\/button><\/form>\n<br\/><\/div>\n<p class=\"mphb-view-details-button-wrapper\">\n<a class=\"button mphb-view-details-button\" href=\"https:\/\/www.dolceresio.ch\/fr\/accommodation\/camera-doppia-superior-con-balcone\/\" >Voir les d\u00e9tails<\/a>\n<\/p>                    <\/div>\n                            <\/div>\n        <\/div>\n    \n    \n<\/div>\n\n\n<div class=\"mphb-room-type post-2067 mphb_room_type type-mphb_room_type status-publish has-post-thumbnail mphb_room_type_category-double mphb_room_type_category-triple mphb-room-type-adults-3 mphb-room-type-children-0 has-taxes-and-fees\">\n\n                <div class=\"room-images-wrapper\">\n            \n\n\t<div class=\"mphb-room-type-images\">\n\t<div id='mphb-flexslider-gallery-2' class='gallery-columns-1 gallery-size-luviana-square mphb-gallery-main-slider mphb-flexslider-gallery-wrapper mphb-room-type-gallery-wrapper mphb-gallery-main-slider-6a0344c916ab2' data-flexslider-atts='{\"animation\":\"slide\",\"controlNav\":false,\"animationLoop\":true,\"smoothHeight\":true,\"slideshow\":false}' data-group='6a0344c916ab2'><ul class=\"slides\"><li class='gallery-item'><span class='gallery-icon landscape'>\n\t\t\t\t<a href=\"https:\/\/www.dolceresio.ch\/fr\/accommodation\/chambres-deluxe\/\"><img loading=\"lazy\" decoding=\"async\" width=\"992\" height=\"992\" src=\"https:\/\/www.dolceresio.ch\/wp-content\/uploads\/2020\/02\/Dike-992x992.jpg\" class=\"attachment-luviana-square size-luviana-square\" alt=\"Dike\" srcset=\"https:\/\/www.dolceresio.ch\/wp-content\/uploads\/2020\/02\/Dike-992x992.jpg 992w, https:\/\/www.dolceresio.ch\/wp-content\/uploads\/2020\/02\/Dike-150x150.jpg 150w, https:\/\/www.dolceresio.ch\/wp-content\/uploads\/2020\/02\/Dike-300x300.jpg 300w, https:\/\/www.dolceresio.ch\/wp-content\/uploads\/2020\/02\/Dike-100x100.jpg 100w\" sizes=\"auto, (max-width: 992px) 100vw, 992px\" \/><\/a>\n\t\t\t<\/span><\/li><li class='gallery-item'><span class='gallery-icon landscape'>\n\t\t\t\t<a href=\"https:\/\/www.dolceresio.ch\/fr\/accommodation\/chambres-deluxe\/\"><img loading=\"lazy\" decoding=\"async\" width=\"992\" height=\"992\" src=\"https:\/\/www.dolceresio.ch\/wp-content\/uploads\/2020\/02\/Dike2-992x992.jpg\" class=\"attachment-luviana-square size-luviana-square\" alt=\"Dike\" srcset=\"https:\/\/www.dolceresio.ch\/wp-content\/uploads\/2020\/02\/Dike2-992x992.jpg 992w, https:\/\/www.dolceresio.ch\/wp-content\/uploads\/2020\/02\/Dike2-150x150.jpg 150w, https:\/\/www.dolceresio.ch\/wp-content\/uploads\/2020\/02\/Dike2-300x300.jpg 300w, https:\/\/www.dolceresio.ch\/wp-content\/uploads\/2020\/02\/Dike2-100x100.jpg 100w\" sizes=\"auto, (max-width: 992px) 100vw, 992px\" \/><\/a>\n\t\t\t<\/span><\/li><li class='gallery-item'><span class='gallery-icon portrait'>\n\t\t\t\t<a href=\"https:\/\/www.dolceresio.ch\/fr\/accommodation\/chambres-deluxe\/\"><img loading=\"lazy\" decoding=\"async\" width=\"992\" height=\"992\" src=\"https:\/\/www.dolceresio.ch\/wp-content\/uploads\/2020\/03\/Dolcevita-992x992.jpg\" class=\"attachment-luviana-square size-luviana-square\" alt=\"\" srcset=\"https:\/\/www.dolceresio.ch\/wp-content\/uploads\/2020\/03\/Dolcevita-992x992.jpg 992w, https:\/\/www.dolceresio.ch\/wp-content\/uploads\/2020\/03\/Dolcevita-150x150.jpg 150w, https:\/\/www.dolceresio.ch\/wp-content\/uploads\/2020\/03\/Dolcevita-300x300.jpg 300w, https:\/\/www.dolceresio.ch\/wp-content\/uploads\/2020\/03\/Dolcevita-100x100.jpg 100w\" sizes=\"auto, (max-width: 992px) 100vw, 992px\"><\/a>\n\t\t\t<\/span><\/li><li class='gallery-item'><span class='gallery-icon portrait'>\n\t\t\t\t<a href=\"https:\/\/www.dolceresio.ch\/fr\/accommodation\/chambres-deluxe\/\"><img loading=\"lazy\" decoding=\"async\" width=\"992\" height=\"992\" src=\"https:\/\/www.dolceresio.ch\/wp-content\/uploads\/2020\/02\/Dike_vista-992x992.jpg\" class=\"attachment-luviana-square size-luviana-square\" alt=\"Dike vista\" srcset=\"https:\/\/www.dolceresio.ch\/wp-content\/uploads\/2020\/02\/Dike_vista-992x992.jpg 992w, https:\/\/www.dolceresio.ch\/wp-content\/uploads\/2020\/02\/Dike_vista-150x150.jpg 150w, https:\/\/www.dolceresio.ch\/wp-content\/uploads\/2020\/02\/Dike_vista-300x300.jpg 300w, https:\/\/www.dolceresio.ch\/wp-content\/uploads\/2020\/02\/Dike_vista-100x100.jpg 100w\" sizes=\"auto, (max-width: 992px) 100vw, 992px\" \/><\/a>\n\t\t\t<\/span><\/li><li class='gallery-item'><span class='gallery-icon landscape'>\n\t\t\t\t<a href=\"https:\/\/www.dolceresio.ch\/fr\/accommodation\/chambres-deluxe\/\"><img loading=\"lazy\" decoding=\"async\" width=\"992\" height=\"992\" src=\"https:\/\/www.dolceresio.ch\/wp-content\/uploads\/2020\/02\/Dike3-992x992.jpg\" class=\"attachment-luviana-square size-luviana-square\" alt=\"Dike\" srcset=\"https:\/\/www.dolceresio.ch\/wp-content\/uploads\/2020\/02\/Dike3-992x992.jpg 992w, https:\/\/www.dolceresio.ch\/wp-content\/uploads\/2020\/02\/Dike3-150x150.jpg 150w, https:\/\/www.dolceresio.ch\/wp-content\/uploads\/2020\/02\/Dike3-300x300.jpg 300w, https:\/\/www.dolceresio.ch\/wp-content\/uploads\/2020\/02\/Dike3-100x100.jpg 100w\" sizes=\"auto, (max-width: 992px) 100vw, 992px\" \/><\/a>\n\t\t\t<\/span><\/li><li class='gallery-item'><span class='gallery-icon portrait'>\n\t\t\t\t<a href=\"https:\/\/www.dolceresio.ch\/fr\/accommodation\/chambres-deluxe\/\"><img loading=\"lazy\" decoding=\"async\" width=\"992\" height=\"992\" src=\"https:\/\/www.dolceresio.ch\/wp-content\/uploads\/2020\/02\/Dike_bagno-992x992.jpg\" class=\"attachment-luviana-square size-luviana-square\" alt=\"Dike bagno\" srcset=\"https:\/\/www.dolceresio.ch\/wp-content\/uploads\/2020\/02\/Dike_bagno-992x992.jpg 992w, https:\/\/www.dolceresio.ch\/wp-content\/uploads\/2020\/02\/Dike_bagno-150x150.jpg 150w, https:\/\/www.dolceresio.ch\/wp-content\/uploads\/2020\/02\/Dike_bagno-300x300.jpg 300w, https:\/\/www.dolceresio.ch\/wp-content\/uploads\/2020\/02\/Dike_bagno-100x100.jpg 100w\" sizes=\"auto, (max-width: 992px) 100vw, 992px\" \/><\/a>\n\t\t\t<\/span><\/li><\/ul>\n\t\t<\/div>\n\n\t<\/div>\n\t        <\/div>\n                <div class=\"room-description-wrapper\">\n            <div class=\"room-description-inner-wrapper\">\n                                    <div class=\"room-details\">\n                        \n<h2 class=\"mphb-room-type-title entry-title\">\n\n<a class=\"mphb-room-type-title\" href=\"https:\/\/www.dolceresio.ch\/fr\/accommodation\/chambres-deluxe\/\">Chambres Deluxe<\/a>\n\n<\/h2>\n\n<p>Les chambres doubles\/triples Deluxe jouissent d\u2019une vue coupe-souffle sur le lac Ceresio et sur le bourg de Morcote (qui fut \u00e9lu le plus beau village de Suisse en 2017). Chacune d\u2019elles est dou\u00e9e de deux petits balcons.<\/p>\n\n\n<h3 class=\"mphb-room-type-details-title\">D\u00e9tails<\/h3><ul class=\"mphb-loop-room-type-attributes\">\n\n\n\t<li class=\"mphb-room-type-adults-capacity\"><span class=\"mphb-attribute-title mphb-adults-title\">H\u00f4tes:<\/span><span class=\"mphb-attribute-value\">\n\t3\n\t<\/span><\/li>\n\t\n\n\n\t<li class=\"mphb-room-type-view\"><span class=\"mphb-attribute-title mphb-view-title\">Vue :<\/span><span class=\"mphb-attribute-value\">\n\tlac\n\t<\/span><\/li>\n\t\n\n\n\t<li class=\"mphb-room-type-size\"><span class=\"mphb-attribute-title mphb-size-title\">Taille :<\/span><span class=\"mphb-attribute-value\">\n\t26m\u00b2\n\t<\/span><\/li>\n\t\n\n\t<li class=\"mphb-room-type-bed-type\"><span  class=\"mphb-attribute-title mphb-bed-type-title\">Type de lit :<\/span><span class=\"mphb-attribute-value\">\n\t1 matrimonial king-size et 1 simple\n\t<\/span><\/li>\n\t\n\n\t<li class=\"mphb-room-type-categories\"><span class=\"mphb-attribute-title mphb-categories-title\">Cat\u00e9gories :<\/span><span class=\"mphb-attribute-value\"> <span class=\"category-double\"><a href=\"https:\/\/www.dolceresio.ch\/fr\/accommodation-category\/double\/\">Double<\/a><\/span>, <span class=\"category-triple\"><a href=\"https:\/\/www.dolceresio.ch\/fr\/accommodation-category\/triple\/\">Triple<\/a><\/span><\/span><\/li>\n\t\n\n<\/ul>                    <\/div>\n                                    <div class=\"room-booking-details\">\n                        \n\n<div class=\"mphb-to-book-btn-wrapper\">\n<form action=\"https:\/\/www.dolceresio.ch\/fr\/accommodation\/chambres-deluxe\/#booking-form-2067\" method=\"get\" ><button type=\"submit\" class=\"button mphb-book-button\" >R\u00e9server<\/button><\/form>\n<br\/><\/div>\n<p class=\"mphb-view-details-button-wrapper\">\n<a class=\"button mphb-view-details-button\" href=\"https:\/\/www.dolceresio.ch\/fr\/accommodation\/chambres-deluxe\/\" >Voir les d\u00e9tails<\/a>\n<\/p>                    <\/div>\n                            <\/div>\n        <\/div>\n    \n    \n<\/div>\n\n\t<\/div>\n\t<\/div>\n\n\n<div style=\"height:50px\" aria-hidden=\"true\" class=\"wp-block-spacer\"><\/div>\n","protected":false},"excerpt":{"rendered":"","protected":false},"author":1,"featured_media":1654,"parent":0,"menu_order":0,"comment_status":"closed","ping_status":"closed","template":"","meta":{"inline_featured_image":false,"footnotes":""},"tags":[],"class_list":["post-2633","page","type-page","status-publish","has-post-thumbnail","hentry"],"_links":{"self":[{"href":"https:\/\/www.dolceresio.ch\/fr\/wp-json\/wp\/v2\/pages\/2633","targetHints":{"allow":["GET"]}}],"collection":[{"href":"https:\/\/www.dolceresio.ch\/fr\/wp-json\/wp\/v2\/pages"}],"about":[{"href":"https:\/\/www.dolceresio.ch\/fr\/wp-json\/wp\/v2\/types\/page"}],"author":[{"embeddable":true,"href":"https:\/\/www.dolceresio.ch\/fr\/wp-json\/wp\/v2\/users\/1"}],"replies":[{"embeddable":true,"href":"https:\/\/www.dolceresio.ch\/fr\/wp-json\/wp\/v2\/comments?post=2633"}],"version-history":[{"count":2,"href":"https:\/\/www.dolceresio.ch\/fr\/wp-json\/wp\/v2\/pages\/2633\/revisions"}],"predecessor-version":[{"id":6065,"href":"https:\/\/www.dolceresio.ch\/fr\/wp-json\/wp\/v2\/pages\/2633\/revisions\/6065"}],"wp:featuredmedia":[{"embeddable":true,"href":"https:\/\/www.dolceresio.ch\/fr\/wp-json\/wp\/v2\/media\/1654"}],"wp:attachment":[{"href":"https:\/\/www.dolceresio.ch\/fr\/wp-json\/wp\/v2\/media?parent=2633"}],"wp:term":[{"taxonomy":"post_tag","embeddable":true,"href":"https:\/\/www.dolceresio.ch\/fr\/wp-json\/wp\/v2\/tags?post=2633"}],"curies":[{"name":"wp","href":"https:\/\/api.w.org\/{rel}","templated":true}]}}